{"id":1553,"date":"2019-10-29T11:35:52","date_gmt":"2019-10-29T14:35:52","guid":{"rendered":"http:\/\/www.omniescoladeaviacao.com.br\/?page_id=1553"},"modified":"2024-06-25T14:46:28","modified_gmt":"2024-06-25T17:46:28","slug":"curso-instrutor-de-voo-inv-h","status":"publish","type":"page","link":"https:\/\/www.omniescoladeaviacao.com.br\/index.php\/curso-instrutor-de-voo-inv-h\/","title":{"rendered":"Curso Instrutor de Voo INV-H"},"content":{"rendered":"<p>[vc_row][vc_column width=&#8221;1\/2&#8243;][vc_column_text]<\/p>\n\n\n<p>O Curso Instrutor de Voo de Helic\u00f3ptero (INV-H) em seu m\u00f3dulo te\u00f3rico \u00e9 o curso que gera conhecimento para o aluno aprender processos ensino e no futuro instruir novos pilotos alunos de maneira segura e padronizada. A instru\u00e7\u00e3o pr\u00e1tica visa o desenvolvimento do instrutor fundamentado nos conhecimentos te\u00f3ricos e pr\u00e1ticos da aeronave.\n\n<hr>\n\n<h3>Pr\u00e9-requisitos<\/h3>\n&#8211; 18 anos;\n&#8211; 2\u00ba grau completo;\n&#8211; Piloto Comercial checado (apenas no curso pr\u00e1tico).\n\n<hr>\n\n<h3>Documentos para matr\u00edcula<\/h3>\n&#8211; Ficha de Matr\u00edcula;\n&#8211; Certificado M\u00e9dico Aeron\u00e1utico (CMA);\n&#8211; Original e C\u00f3pia da CHT de Piloto Comercial;\n&#8211; Original e C\u00f3pia do RG e CPF;\n&#8211; Original e C\u00f3pia do T\u00edtulo Eleitoral;\n&#8211; Original e C\u00f3pia do Certificado de Escolaridade;\n&#8211; Uma foto \u00be;\n&#8211; Autoriza\u00e7\u00e3o do respons\u00e1vel para menores de 21 anos quando n\u00e3o for emancipado.\n\n<hr>\n\n<h3>Mat\u00e9rias<\/h3>\n&#8211; Instru\u00e7\u00e3o de Voo &#8211; Helic\u00f3ptero: Prepara\u00e7\u00e3o e Atividade;\n&#8211; Avia\u00e7\u00e3o Civil;\n&#8211; Instru\u00e7\u00e3o T\u00e9cnica da Aeronave;\n&#8211; Seguran\u00e7a de Voo;\n&#8211; No\u00e7\u00e3o de Direito Aeron\u00e1utico;\n&#8211; O instrutor e a Comunica\u00e7\u00e3o;\n&#8211; Rela\u00e7\u00f5es Interpessoais;\n&#8211; Recursos Audiovisuais;\n&#8211; Processo Ensino-Aprendizagem;\n&#8211; A Avalia\u00e7\u00e3o e a Cr\u00edtica;\n&#8211; Teoria de Voo;\n&#8211; Instru\u00e7\u00e3o Aerom\u00e9dica;\n&#8211; CRM.\n\n<hr>\n\n<h3>Carga hor\u00e1ria do curso te\u00f3rico<\/h3>\n&#8211; 108 Horas.\n\n<hr>\n\n<h3>Dura\u00e7\u00e3o do curso<\/h3>\nIntegral: 3 semanas.\nMeio per\u00edodo: 6 semanas.\n\n<hr>\n\n<h3>Carga hor\u00e1ria m\u00ednima do curso pr\u00e1tico<\/h3>\n&#8211; 25 horas de treinamento de voo visual;\n&#8211; 1 hora de voo de avalia\u00e7\u00e3o.<\/p>\n\n\n<p>[\/vc_column_text][\/vc_column][vc_column width=&#8221;1\/2&#8243; css=&#8221;.vc_custom_1572357558108{background-color: #ededed !important;}&#8221;]<div role=\"form\" class=\"wpcf7\" id=\"wpcf7-f1582-o1\" lang=\"en-US\" dir=\"ltr\">\n<div class=\"screen-reader-response\"><\/div>\n<form action=\"\/index.php\/wp-json\/wp\/v2\/pages\/1553#wpcf7-f1582-o1\" method=\"post\" class=\"wpcf7-form\" novalidate=\"novalidate\">\n<div style=\"display: none;\">\n<input type=\"hidden\" name=\"_wpcf7\" value=\"1582\" \/>\n<input type=\"hidden\" name=\"_wpcf7_version\" value=\"5.1.7\" \/>\n<input type=\"hidden\" name=\"_wpcf7_locale\" value=\"en_US\" \/>\n<input type=\"hidden\" name=\"_wpcf7_unit_tag\" value=\"wpcf7-f1582-o1\" \/>\n<input type=\"hidden\" name=\"_wpcf7_container_post\" value=\"0\" \/>\n<\/div>\n<h2 class=\"short\"><strong>Mais<\/strong> Informa\u00e7\u00f5es<\/h2>\n<div class=\"row\">\n<div class=\"col-md-6\">\n<div class=\"form-group\">\n            <label for=\"contact-name\">Nome *<\/label><br \/>\n            <span class=\"wpcf7-form-control-wrap your-name\"><input type=\"text\" name=\"your-name\" value=\"\" size=\"40\" class=\"wpcf7-form-control wpcf7-text wpcf7-validates-as-required form-control\" id=\"contact-name\" aria-required=\"true\" aria-invalid=\"false\" \/><\/span>\n        <\/div><\/div>\n<div class=\"col-md-6\">\n<div class=\"form-group\">\n            <label for=\"contact-email\">E-mail *<\/label><br \/>\n            <span class=\"wpcf7-form-control-wrap your-email\"><input type=\"email\" name=\"your-email\" value=\"\" size=\"40\" class=\"wpcf7-form-control wpcf7-text wpcf7-email wpcf7-validates-as-required wpcf7-validates-as-email form-control\" id=\"contact-email\" aria-required=\"true\" aria-invalid=\"false\" \/><\/span>\n        <\/div><\/div>\n<div class=\"col-md-12\">\n<div class=\"form-group\">\n            <label for=\"contact-subject\">Curso<\/label><br \/>\n            <span class=\"wpcf7-form-control-wrap your-subject\"><input type=\"text\" name=\"your-subject\" value=\"\" size=\"40\" class=\"wpcf7-form-control wpcf7-text form-control\" id=\"contact-subject\" aria-invalid=\"false\" \/><\/span>\n        <\/div><\/div>\n<div class=\"col-md-12\">\n<div class=\"form-group\">\n            <label for=\"contact-message\">O que deseja saber?<\/label><br \/>\n            <span class=\"wpcf7-form-control-wrap your-message\"><textarea name=\"your-message\" cols=\"40\" rows=\"10\" class=\"wpcf7-form-control wpcf7-textarea form-control\" id=\"contact-message\" aria-invalid=\"false\"><\/textarea><\/span>\n        <\/div><\/div>\n<div class=\"col-md-12\">\n<div class=\"form-group\">\n            <input type=\"submit\" value=\"Enviar\" class=\"wpcf7-form-control wpcf7-submit btn btn-primary btn-lg\" \/>\n        <\/div><\/div>\n<\/div>\n<input type='hidden' class='wpcf7-pum' value='{\"closepopup\":false,\"closedelay\":0,\"openpopup\":false,\"openpopup_id\":0}' \/><div class=\"wpcf7-response-output wpcf7-display-none\"><\/div><\/form><\/div>[vc_column_text]<\/p>\n<div class=\"porto-separator \">\n<p>\u00a0<\/p>\n<\/div>\n<h4 class=\"vc_custom_heading heading-primary\"><strong>Localiza\u00e7\u00e3o \/ Contato<br \/><\/strong><span style=\"color: #333333; font-size: 14px;\"><strong>Endere\u00e7o:<\/strong> Av. Ayrton Senna N\u00ba 2541 &#8211; Rua F1, Lote 44<\/span><br \/><span style=\"color: #333333; font-size: 14px;\"><strong>Telefones:<\/strong> 55 21 3478-7942 | 55 21 3478-7944 | 55 21 99856-9758<\/span><br \/><span style=\"color: #333333; font-size: 14px;\"><strong>E-mail:\u00a0<\/strong>escola@omniescola.com.br<\/span><\/h4>\n<div class=\"porto-separator \"><hr class=\"separator-line align_center\" \/><\/div>\n<h4 class=\"vc_custom_heading heading-primary\"><strong>Hor\u00e1rio comercial<br \/><\/strong><span style=\"color: #333333; font-size: 14px;\">Segunda-feira &#8211; Sexta-feira das 8h \u00e0s 22h<\/span><br \/><span style=\"color: #333333; font-size: 14px;\">S\u00e1bado &#8211; <\/span><span style=\"color: #333333; font-size: 14px;\">8h \u00e0s 12h<br \/><\/span><span style=\"color: #333333; font-size: 14px;\">Domingo &#8211; Fechado<\/span><\/h4>\n<p>[\/vc_column_text][\/vc_column][\/vc_row]<\/p>","protected":false},"excerpt":{"rendered":"<p>[vc_row][vc_column width=&#8221;1\/2&#8243;][vc_column_text] O Curso Instrutor de Voo de Helic\u00f3ptero (INV-H) em seu m\u00f3dulo te\u00f3rico \u00e9 o curso que gera conhecimento para o aluno aprender processos ensino e no futuro instruir novos pilotos alunos de maneira segura e padronizada. A instru\u00e7\u00e3o pr\u00e1tica visa o desenvolvimento do instrutor fundamentado nos conhecimentos te\u00f3ricos e pr\u00e1ticos da aeronave. Pr\u00e9-requisitos [&hellip;]<\/p>\n","protected":false},"author":1,"featured_media":0,"parent":0,"menu_order":0,"comment_status":"closed","ping_status":"closed","template":"","meta":{"_joinchat":[],"footnotes":""},"_links":{"self":[{"href":"https:\/\/www.omniescoladeaviacao.com.br\/index.php\/wp-json\/wp\/v2\/pages\/1553"}],"collection":[{"href":"https:\/\/www.omniescoladeaviacao.com.br\/index.php\/wp-json\/wp\/v2\/pages"}],"about":[{"href":"https:\/\/www.omniescoladeaviacao.com.br\/index.php\/wp-json\/wp\/v2\/types\/page"}],"author":[{"embeddable":true,"href":"https:\/\/www.omniescoladeaviacao.com.br\/index.php\/wp-json\/wp\/v2\/users\/1"}],"replies":[{"embeddable":true,"href":"https:\/\/www.omniescoladeaviacao.com.br\/index.php\/wp-json\/wp\/v2\/comments?post=1553"}],"version-history":[{"count":6,"href":"https:\/\/www.omniescoladeaviacao.com.br\/index.php\/wp-json\/wp\/v2\/pages\/1553\/revisions"}],"predecessor-version":[{"id":1886,"href":"https:\/\/www.omniescoladeaviacao.com.br\/index.php\/wp-json\/wp\/v2\/pages\/1553\/revisions\/1886"}],"wp:attachment":[{"href":"https:\/\/www.omniescoladeaviacao.com.br\/index.php\/wp-json\/wp\/v2\/media?parent=1553"}],"curies":[{"name":"wp","href":"https:\/\/api.w.org\/{rel}","templated":true}]}}