{"id":1546,"date":"2019-10-29T11:19:47","date_gmt":"2019-10-29T14:19:47","guid":{"rendered":"http:\/\/www.omniescoladeaviacao.com.br\/?page_id=1546"},"modified":"2024-06-25T14:58:53","modified_gmt":"2024-06-25T17:58:53","slug":"piloto-comercial-pc-h","status":"publish","type":"page","link":"https:\/\/www.omniescoladeaviacao.com.br\/index.php\/piloto-comercial-pc-h\/","title":{"rendered":"Piloto Comercial PC-H"},"content":{"rendered":"<p>[vc_row 0=&#8221;&#8221;][vc_column width=&#8221;1\/2&#8243;][vc_column_text 0=&#8221;&#8221;]<\/p>\n<p><\/p>\n\n\n<\/p>\n<p>O curso de Piloto Comercial \u00e9 a continuidade do curso de Piloto Privado. Com ele o aluno poder\u00e1 iniciar sua carreira no mercado de trabalho como Piloto de Helic\u00f3ptero.<\/p>\n<p>O curso te\u00f3rico fornece subs\u00eddios necess\u00e1rios em sala de aula para o aluno estar apto a realizar voos profissionalmente com seguran\u00e7a, com efici\u00eancia e ser remunerado pelos servi\u00e7os prestados. Desde janeiro de 2024, o curso te\u00f3rico de PCH absorve a carga hor\u00e1ria do conte\u00fado te\u00f3rico do curso de IFRH. Desde ent\u00e3o, o curso tem a nomenclatura de PCIFRH.<\/p>\n<p>O curso pr\u00e1tico \u00e9 destinado a desenvolver habilidade necess\u00e1ria para conduzir um helic\u00f3ptero com seguran\u00e7a, dentro dos limites estabelecidos pelas prerrogativas da licen\u00e7a de Piloto Comercial de Helic\u00f3ptero.<\/p>\n<p>Ao final do curso, e tendo adquirido capacidade t\u00e9cnica adequada para garantir uma opera\u00e7\u00e3o segura, o aluno \u00e9 encaminhado ao voo de avalia\u00e7\u00e3o, popularmente conhecido como \u201cVoo de Cheque\u201d, \u00faltimo est\u00e1gio do curso de PC-H.<\/p>\n<hr \/>\n<h3>Pr\u00e9-requisitos<\/h3>\n<p>&#8211; 18 anos;<br \/>&#8211; 2\u00ba grau completo;<br \/>&#8211; Piloto Privado checado (apenas no curso pr\u00e1tico)<\/p>\n<hr \/>\n<h3>Documentos para matr\u00edcula<\/h3>\n<p>&#8211; Ficha de Matr\u00edcula;<br \/>&#8211; Certificado M\u00e9dico Aeron\u00e1utico (CMA);<br \/>&#8211; Original e C\u00f3pia da CHT de Piloto Privado;<br \/>&#8211; Original e C\u00f3pia do RG e CPF;<br \/>&#8211; Original e C\u00f3pia do T\u00edtulo Eleitoral;<br \/>&#8211; Original e C\u00f3pia do Certificado de Escolaridade;<br \/>&#8211; Uma foto \u00be;<br \/>&#8211; Autoriza\u00e7\u00e3o do respons\u00e1vel para menores de 21 anos quando n\u00e3o for emancipado.<\/p>\n<hr \/>\n<h3>Mat\u00e9rias<\/h3>\n<p>&#8211; B\u00e1sica: O Piloto Comercial \u2013 Helic\u00f3ptero \/ IFR: prepara\u00e7\u00e3o e atividade;<br \/>&#8211; B\u00e1sica: Seguran\u00e7a de Voo;<br \/>&#8211; B\u00e1sica: Ingl\u00eas T\u00e9cnicos;<br \/>&#8211; T\u00e9cnica (VFR): Conhecimentos T\u00e9cnicos das Aeronaves;<br \/>&#8211; T\u00e9cnica (VFR): Meteorologia;<br \/>&#8211; T\u00e9cnica (VFR): Teoria de Voo \u2013 Aerodin\u00e2mica de Helic\u00f3ptero;<br \/>&#8211; T\u00e9cnica (VFR): Regulamentos de Tr\u00e1fego A\u00e9reo;<br \/>&#8211; T\u00e9cnica (VFR): Navega\u00e7\u00e3o A\u00e9rea;<br \/>&#8211; T\u00e9cnica (IFR): Meteorologia;<br \/>&#8211; T\u00e9cnica (IFR): Regulamentos de Tr\u00e1fego A\u00e9reo;<br \/>&#8211; T\u00e9cnica (IFR): Navega\u00e7\u00e3o A\u00e9rea;<br \/>&#8211; Complementar: Avia\u00e7\u00e3o Civil;<br \/>&#8211; Complementar: No\u00e7\u00f5es de Direito Aeron\u00e1utico;<br \/>&#8211; Complementar: Instru\u00e7\u00e3o Aerom\u00e9dica;<br \/>&#8211; Complementar: Regulamenta\u00e7\u00e3o da Profiss\u00e3o o Aeronauta;<br \/>&#8211; Complementar: CRM (Corporate Resource Management);<br \/>&#8211; Complementar: Seguran\u00e7a para Helic\u00f3pteros contra Atos de Interfer\u00eancia Il\u00edcita.<\/p>\n<hr \/>\n<h3>Carga hor\u00e1ria do curso te\u00f3rico<\/h3>\n<p>&#8211; 420 horas.<\/p>\n<hr \/>\n<h3>Dura\u00e7\u00e3o do curso<\/h3>\n<p>&#8211; 7 meses.<\/p>\n<hr \/>\n<h3>Carga hor\u00e1ria m\u00ednima do curso pr\u00e1tico<\/h3>\n<p>&#8211; 65 horas de treinamento de voo visual;<br \/>&#8211; 10 horas de treinamento de voo por instrumentos;<br \/>&#8211; 1.5 hora de voo de avalia\u00e7\u00e3o.<\/p>\n<p>\n\n\n<p>\u00a0<\/p>\n<p>[\/vc_column_text][\/vc_column][vc_column width=&#8221;1\/2&#8243; css=&#8221;.vc_custom_1572357558108{background-color: #ededed !important;}&#8221;]<div role=\"form\" class=\"wpcf7\" id=\"wpcf7-f1582-o1\" lang=\"en-US\" dir=\"ltr\">\n<div class=\"screen-reader-response\"><\/div>\n<form action=\"\/index.php\/wp-json\/wp\/v2\/pages\/1546#wpcf7-f1582-o1\" method=\"post\" class=\"wpcf7-form\" novalidate=\"novalidate\">\n<div style=\"display: none;\">\n<input type=\"hidden\" name=\"_wpcf7\" value=\"1582\" \/>\n<input type=\"hidden\" name=\"_wpcf7_version\" value=\"5.1.7\" \/>\n<input type=\"hidden\" name=\"_wpcf7_locale\" value=\"en_US\" \/>\n<input type=\"hidden\" name=\"_wpcf7_unit_tag\" value=\"wpcf7-f1582-o1\" \/>\n<input type=\"hidden\" name=\"_wpcf7_container_post\" value=\"0\" \/>\n<\/div>\n<h2 class=\"short\"><strong>Mais<\/strong> Informa\u00e7\u00f5es<\/h2>\n<div class=\"row\">\n<div class=\"col-md-6\">\n<div class=\"form-group\">\n            <label for=\"contact-name\">Nome *<\/label><br \/>\n            <span class=\"wpcf7-form-control-wrap your-name\"><input type=\"text\" name=\"your-name\" value=\"\" size=\"40\" class=\"wpcf7-form-control wpcf7-text wpcf7-validates-as-required form-control\" id=\"contact-name\" aria-required=\"true\" aria-invalid=\"false\" \/><\/span>\n        <\/div><\/div>\n<div class=\"col-md-6\">\n<div class=\"form-group\">\n            <label for=\"contact-email\">E-mail *<\/label><br \/>\n            <span class=\"wpcf7-form-control-wrap your-email\"><input type=\"email\" name=\"your-email\" value=\"\" size=\"40\" class=\"wpcf7-form-control wpcf7-text wpcf7-email wpcf7-validates-as-required wpcf7-validates-as-email form-control\" id=\"contact-email\" aria-required=\"true\" aria-invalid=\"false\" \/><\/span>\n        <\/div><\/div>\n<div class=\"col-md-12\">\n<div class=\"form-group\">\n            <label for=\"contact-subject\">Curso<\/label><br \/>\n            <span class=\"wpcf7-form-control-wrap your-subject\"><input type=\"text\" name=\"your-subject\" value=\"\" size=\"40\" class=\"wpcf7-form-control wpcf7-text form-control\" id=\"contact-subject\" aria-invalid=\"false\" \/><\/span>\n        <\/div><\/div>\n<div class=\"col-md-12\">\n<div class=\"form-group\">\n            <label for=\"contact-message\">O que deseja saber?<\/label><br \/>\n            <span class=\"wpcf7-form-control-wrap your-message\"><textarea name=\"your-message\" cols=\"40\" rows=\"10\" class=\"wpcf7-form-control wpcf7-textarea form-control\" id=\"contact-message\" aria-invalid=\"false\"><\/textarea><\/span>\n        <\/div><\/div>\n<div class=\"col-md-12\">\n<div class=\"form-group\">\n            <input type=\"submit\" value=\"Enviar\" class=\"wpcf7-form-control wpcf7-submit btn btn-primary btn-lg\" \/>\n        <\/div><\/div>\n<\/div>\n<input type='hidden' class='wpcf7-pum' value='{\"closepopup\":false,\"closedelay\":0,\"openpopup\":false,\"openpopup_id\":0}' \/><div class=\"wpcf7-response-output wpcf7-display-none\"><\/div><\/form><\/div>[vc_column_text 0=&#8221;&#8221;]<\/p>\n<div class=\"porto-separator \">\n<p>\u00a0<\/p>\n<\/div>\n<h4 class=\"vc_custom_heading heading-primary\"><strong>Localiza\u00e7\u00e3o \/ Contato<br \/><\/strong><span style=\"color: #333333; font-size: 14px;\"><strong>Endere\u00e7o:<\/strong> Av. Ayrton Senna N\u00ba 2541 &#8211; Rua F1, Lote 44<\/span><br \/><span style=\"color: #333333; font-size: 14px;\"><strong>Telefones:<\/strong> 55 21 3478-7942 | 55 21 3478-7944 | 55 21 99856-9758<\/span><br \/><span style=\"color: #333333; font-size: 14px;\"><strong>E-mail:\u00a0<\/strong>escola@omniescola.com.br<\/span><\/h4>\n<div class=\"porto-separator \"><hr class=\"separator-line align_center\" \/><\/div>\n<h4 class=\"vc_custom_heading heading-primary\"><strong>Hor\u00e1rio comercial<br \/><\/strong><span style=\"color: #333333; font-size: 14px;\">Segunda-feira &#8211; Sexta-feira das 8h \u00e0s 22h<\/span><br \/><span style=\"color: #333333; font-size: 14px;\">S\u00e1bado &#8211; <\/span><span style=\"color: #333333; font-size: 14px;\">8h \u00e0s 12h<br \/><\/span><span style=\"color: #333333; font-size: 14px;\">Domingo &#8211; Fechado<\/span><\/h4>\n<p>[\/vc_column_text][\/vc_column][\/vc_row]<\/p>","protected":false},"excerpt":{"rendered":"<p>[vc_row 0=&#8221;&#8221;][vc_column width=&#8221;1\/2&#8243;][vc_column_text 0=&#8221;&#8221;] O curso de Piloto Comercial \u00e9 a continuidade do curso de Piloto Privado. Com ele o aluno poder\u00e1 iniciar sua carreira no mercado de trabalho como Piloto de Helic\u00f3ptero. O curso te\u00f3rico fornece subs\u00eddios necess\u00e1rios em sala de aula para o aluno estar apto a realizar voos profissionalmente com seguran\u00e7a, com [&hellip;]<\/p>\n","protected":false},"author":1,"featured_media":0,"parent":0,"menu_order":0,"comment_status":"closed","ping_status":"closed","template":"","meta":{"_joinchat":[],"footnotes":""},"_links":{"self":[{"href":"https:\/\/www.omniescoladeaviacao.com.br\/index.php\/wp-json\/wp\/v2\/pages\/1546"}],"collection":[{"href":"https:\/\/www.omniescoladeaviacao.com.br\/index.php\/wp-json\/wp\/v2\/pages"}],"about":[{"href":"https:\/\/www.omniescoladeaviacao.com.br\/index.php\/wp-json\/wp\/v2\/types\/page"}],"author":[{"embeddable":true,"href":"https:\/\/www.omniescoladeaviacao.com.br\/index.php\/wp-json\/wp\/v2\/users\/1"}],"replies":[{"embeddable":true,"href":"https:\/\/www.omniescoladeaviacao.com.br\/index.php\/wp-json\/wp\/v2\/comments?post=1546"}],"version-history":[{"count":10,"href":"https:\/\/www.omniescoladeaviacao.com.br\/index.php\/wp-json\/wp\/v2\/pages\/1546\/revisions"}],"predecessor-version":[{"id":1884,"href":"https:\/\/www.omniescoladeaviacao.com.br\/index.php\/wp-json\/wp\/v2\/pages\/1546\/revisions\/1884"}],"wp:attachment":[{"href":"https:\/\/www.omniescoladeaviacao.com.br\/index.php\/wp-json\/wp\/v2\/media?parent=1546"}],"curies":[{"name":"wp","href":"https:\/\/api.w.org\/{rel}","templated":true}]}}