{"id":1518,"date":"2019-10-29T10:40:34","date_gmt":"2019-10-29T13:40:34","guid":{"rendered":"http:\/\/www.omniescoladeaviacao.com.br\/?page_id=1518"},"modified":"2024-06-25T13:42:05","modified_gmt":"2024-06-25T16:42:05","slug":"ground-school","status":"publish","type":"page","link":"https:\/\/www.omniescoladeaviacao.com.br\/index.php\/ground-school\/","title":{"rendered":"Ground School"},"content":{"rendered":"<p>[vc_row 0=&#8221;&#8221;][vc_column width=&#8221;1\/2&#8243;][vc_column_text 0=&#8221;&#8221;]<\/p>\n<p>\u00a0<\/p>\n\n\n<\/p>\n<p>O GroundSchool do R22 \u00e9 o curso de familiariza\u00e7\u00e3o com o equipamento promovendo conhecimentos sobre os sistemas da aeronave, uso de seus componentes e integra\u00e7\u00e3o com os procedimentos operacionais necess\u00e1rios para preparar o aluno antes do primeiro voo.\u00a0<\/p>\n<p>\n\n\n<\/p>\n<p>\n\n\n<\/p>\n<hr \/>\n<h3 class=\"wp-block-heading\">Pr\u00e9-requisitos<\/h3>\n<p>\n\n\n<\/p>\n<p>\n\n\n<\/p>\n<p>&#8211; 18 anos;<br \/>&#8211; 2\u00ba grau completo.<\/p>\n<p>\n\n\n<\/p>\n<p>\n\n\n<\/p>\n<hr \/>\n<h3 class=\"wp-block-heading\">Documentos para matr\u00edcula<\/h3>\n<p>\n\n\n<\/p>\n<p>\n\n\n<\/p>\n<p>&#8211; Ficha de Matr\u00edcula;<br \/>&#8211; Original e C\u00f3pia do RG e CPF;<br \/>&#8211; Original e C\u00f3pia do T\u00edtulo Eleitoral;<br \/>&#8211; Original e C\u00f3pia do Certificado de Escolaridade;<br \/>&#8211; Uma foto \u00be;<br \/>&#8211; Autoriza\u00e7\u00e3o do respons\u00e1vel para menores de 21 anos quando n\u00e3o for emancipado.<\/p>\n<p>\n\n\n<\/p>\n<p>\n\n\n<\/p>\n<hr \/>\n<h3 class=\"wp-block-heading\">Mat\u00e9rias<\/h3>\n<p>\n\n\n<\/p>\n<p>\n\n\n<\/p>\n<p>&#8211; Generalidades e Procedimentos Normais;<br \/>&#8211; Limita\u00e7\u00f5es e Procedimentos de Emerg\u00eancia;<br \/>&#8211; Fuselagem, Transmiss\u00e3o, Rotores, Comandos e Sistemas Auxiliares;<br \/>&#8211; Motor, Lubrifica\u00e7\u00e3o e Combust\u00edvel;<br \/>&#8211; Performance e Peso e Balanceamento;<br \/>&#8211; Suplementos;<br \/>&#8211; Inspe\u00e7\u00f5es Pr\u00e9 e P\u00f3s Voo \u2013 Check list Partida\/Parada.<\/p>\n<p>\n\n\n<\/p>\n<p>\n\n\n<\/p>\n<hr \/>\n<h3 class=\"wp-block-heading\">Carga Hor\u00e1ria do Curso Te\u00f3rico<\/h3>\n<p>\n\n\n<\/p>\n<p>\n\n\n<\/p>\n<p>&#8211; 16 horas.<\/p>\n<p>\n\n\n<\/p>\n<p>[\/vc_column_text][\/vc_column][vc_column width=&#8221;1\/2&#8243; css=&#8221;.vc_custom_1572357558108{background-color: #ededed !important;}&#8221;]<div role=\"form\" class=\"wpcf7\" id=\"wpcf7-f1582-o1\" lang=\"en-US\" dir=\"ltr\">\n<div class=\"screen-reader-response\"><\/div>\n<form action=\"\/index.php\/wp-json\/wp\/v2\/pages\/1518#wpcf7-f1582-o1\" method=\"post\" class=\"wpcf7-form\" novalidate=\"novalidate\">\n<div style=\"display: none;\">\n<input type=\"hidden\" name=\"_wpcf7\" value=\"1582\" \/>\n<input type=\"hidden\" name=\"_wpcf7_version\" value=\"5.1.7\" \/>\n<input type=\"hidden\" name=\"_wpcf7_locale\" value=\"en_US\" \/>\n<input type=\"hidden\" name=\"_wpcf7_unit_tag\" value=\"wpcf7-f1582-o1\" \/>\n<input type=\"hidden\" name=\"_wpcf7_container_post\" value=\"0\" \/>\n<\/div>\n<h2 class=\"short\"><strong>Mais<\/strong> Informa\u00e7\u00f5es<\/h2>\n<div class=\"row\">\n<div class=\"col-md-6\">\n<div class=\"form-group\">\n            <label for=\"contact-name\">Nome *<\/label><br \/>\n            <span class=\"wpcf7-form-control-wrap your-name\"><input type=\"text\" name=\"your-name\" value=\"\" size=\"40\" class=\"wpcf7-form-control wpcf7-text wpcf7-validates-as-required form-control\" id=\"contact-name\" aria-required=\"true\" aria-invalid=\"false\" \/><\/span>\n        <\/div><\/div>\n<div class=\"col-md-6\">\n<div class=\"form-group\">\n            <label for=\"contact-email\">E-mail *<\/label><br \/>\n            <span class=\"wpcf7-form-control-wrap your-email\"><input type=\"email\" name=\"your-email\" value=\"\" size=\"40\" class=\"wpcf7-form-control wpcf7-text wpcf7-email wpcf7-validates-as-required wpcf7-validates-as-email form-control\" id=\"contact-email\" aria-required=\"true\" aria-invalid=\"false\" \/><\/span>\n        <\/div><\/div>\n<div class=\"col-md-12\">\n<div class=\"form-group\">\n            <label for=\"contact-subject\">Curso<\/label><br \/>\n            <span class=\"wpcf7-form-control-wrap your-subject\"><input type=\"text\" name=\"your-subject\" value=\"\" size=\"40\" class=\"wpcf7-form-control wpcf7-text form-control\" id=\"contact-subject\" aria-invalid=\"false\" \/><\/span>\n        <\/div><\/div>\n<div class=\"col-md-12\">\n<div class=\"form-group\">\n            <label for=\"contact-message\">O que deseja saber?<\/label><br \/>\n            <span class=\"wpcf7-form-control-wrap your-message\"><textarea name=\"your-message\" cols=\"40\" rows=\"10\" class=\"wpcf7-form-control wpcf7-textarea form-control\" id=\"contact-message\" aria-invalid=\"false\"><\/textarea><\/span>\n        <\/div><\/div>\n<div class=\"col-md-12\">\n<div class=\"form-group\">\n            <input type=\"submit\" value=\"Enviar\" class=\"wpcf7-form-control wpcf7-submit btn btn-primary btn-lg\" \/>\n        <\/div><\/div>\n<\/div>\n<input type='hidden' class='wpcf7-pum' value='{\"closepopup\":false,\"closedelay\":0,\"openpopup\":false,\"openpopup_id\":0}' \/><div class=\"wpcf7-response-output wpcf7-display-none\"><\/div><\/form><\/div>[vc_column_text 0=&#8221;&#8221;]<\/p>\n<div class=\"porto-separator  \">\n<p>&nbsp;<\/p>\n<\/div>\n<h4 class=\"vc_custom_heading heading-primary\"><strong>Localiza\u00e7\u00e3o \/ Contato<br \/><\/strong><span style=\"color: #333333; font-size: 14px;\"><strong>Endere\u00e7o:<\/strong> Av. Ayrton Senna N\u00ba 2541 &#8211; Rua F1, Lote 44<\/span><br \/><span style=\"color: #333333; font-size: 14px;\"><strong>Telefones:<\/strong> 55 21 3478-7942 | 55 21 3478-7943<\/span><br \/><span style=\"color: #333333; font-size: 14px;\"><strong>E-mail:\u00a0<\/strong>escola@omniescola.com.br<\/span><\/h4>\n<div class=\"porto-separator  \">\n<hr class=\"separator-line  align_center\" \/><\/div>\n<h4 class=\"vc_custom_heading heading-primary\"><strong>Hor\u00e1rio comercial<br \/><\/strong><span style=\"color: #333333; font-size: 14px;\">Segunda-feira &#8211; Sexta-feira das 8h \u00e0s 22h<\/span><br \/><span style=\"color: #333333; font-size: 14px;\">S\u00e1bado &#8211; <\/span><span style=\"color: #333333; font-size: 14px;\">8h \u00e0s 12h<br \/><\/span><span style=\"color: #333333; font-size: 14px;\">Domingo &#8211; Fechado<\/span><\/h4>\n<p>[\/vc_column_text][\/vc_column][\/vc_row]<\/p>","protected":false},"excerpt":{"rendered":"<p>[vc_row 0=&#8221;&#8221;][vc_column width=&#8221;1\/2&#8243;][vc_column_text 0=&#8221;&#8221;] \u00a0 O GroundSchool do R22 \u00e9 o curso de familiariza\u00e7\u00e3o com o equipamento promovendo conhecimentos sobre os sistemas da aeronave, uso de seus componentes e integra\u00e7\u00e3o com os procedimentos operacionais necess\u00e1rios para preparar o aluno antes do primeiro voo.\u00a0 Pr\u00e9-requisitos &#8211; 18 anos;&#8211; 2\u00ba grau completo. Documentos para matr\u00edcula &#8211; Ficha [&hellip;]<\/p>\n","protected":false},"author":1,"featured_media":0,"parent":0,"menu_order":0,"comment_status":"closed","ping_status":"closed","template":"","meta":{"_joinchat":[],"footnotes":""},"_links":{"self":[{"href":"https:\/\/www.omniescoladeaviacao.com.br\/index.php\/wp-json\/wp\/v2\/pages\/1518"}],"collection":[{"href":"https:\/\/www.omniescoladeaviacao.com.br\/index.php\/wp-json\/wp\/v2\/pages"}],"about":[{"href":"https:\/\/www.omniescoladeaviacao.com.br\/index.php\/wp-json\/wp\/v2\/types\/page"}],"author":[{"embeddable":true,"href":"https:\/\/www.omniescoladeaviacao.com.br\/index.php\/wp-json\/wp\/v2\/users\/1"}],"replies":[{"embeddable":true,"href":"https:\/\/www.omniescoladeaviacao.com.br\/index.php\/wp-json\/wp\/v2\/comments?post=1518"}],"version-history":[{"count":27,"href":"https:\/\/www.omniescoladeaviacao.com.br\/index.php\/wp-json\/wp\/v2\/pages\/1518\/revisions"}],"predecessor-version":[{"id":1878,"href":"https:\/\/www.omniescoladeaviacao.com.br\/index.php\/wp-json\/wp\/v2\/pages\/1518\/revisions\/1878"}],"wp:attachment":[{"href":"https:\/\/www.omniescoladeaviacao.com.br\/index.php\/wp-json\/wp\/v2\/media?parent=1518"}],"curies":[{"name":"wp","href":"https:\/\/api.w.org\/{rel}","templated":true}]}}