{"id":60,"date":"2016-06-14T01:43:48","date_gmt":"2016-06-14T01:43:48","guid":{"rendered":"http:\/\/sw-themes.com\/porto_dummy\/?page_id=60"},"modified":"2024-07-23T16:51:16","modified_gmt":"2024-07-23T19:51:16","slug":"sobre","status":"publish","type":"page","link":"http:\/\/www.omniescoladeaviacao.com.br\/index.php\/sobre\/","title":{"rendered":"Sobre"},"content":{"rendered":"<p>[vc_row el_class=&#8221;p-b-lg&#8221;][vc_column][vc_column_text]<img loading=\"lazy\" decoding=\"async\" class=\"wp-image-1614 size-medium alignleft\" src=\"http:\/\/www.omniescoladeaviacao.com.br\/wp-content\/uploads\/2019\/10\/IMG_2246-300x225.jpg\" alt=\"\" width=\"300\" height=\"225\" srcset=\"http:\/\/www.omniescoladeaviacao.com.br\/wp-content\/uploads\/2019\/10\/IMG_2246-300x225.jpg 300w, http:\/\/www.omniescoladeaviacao.com.br\/wp-content\/uploads\/2019\/10\/IMG_2246-768x576.jpg 768w, http:\/\/www.omniescoladeaviacao.com.br\/wp-content\/uploads\/2019\/10\/IMG_2246-463x348.jpg 463w, http:\/\/www.omniescoladeaviacao.com.br\/wp-content\/uploads\/2019\/10\/IMG_2246.jpg 800w\" sizes=\"(max-width: 300px) 100vw, 300px\" \/>A OMNI Escola de Avia\u00e7\u00e3o Civil foi criada em junho de 2010 e tem suas ra\u00edzes na OMNI Aviation Training Center, em Portugal, certificado como Flying Training Organization (FTO) e como Type Rating Training Organization (TRTO), e obedece aos mais exigentes padr\u00f5es internacionais.<\/p>\n<p>Seguindo os mesmo passos da organiza\u00e7\u00e3o europeia, nossa miss\u00e3o \u00e9 promover uma forma\u00e7\u00e3o de rigor e excel\u00eancia, tendo como objetivo a prepara\u00e7\u00e3o de profissionais de elevada compet\u00eancia t\u00e9cnica, totalmente aptos a enfrentar os desafios de um mercado cada vez mais exigente e concorrencial.<\/p>\n<p>A OMNI Escola de Avia\u00e7\u00e3o \u00e9 certificada pela ANAC \u2013 Ag\u00eancia Nacional de avia\u00e7\u00e3o Civil, com sede no Aeroporto de Jacarepagu\u00e1, Rio de Janeiro, em uma \u00e1rea de 500 m\u00b2. Para atender o mercado aeron\u00e1utico, possu\u00edmos os cursos de GroundSchool do R22, Piloto Privado, Piloto Comercial, Instrutor de Voo e Voo por instrumentos. Dispomos de excelentes instala\u00e7\u00f5es e qualificado quadro de instrutores, recursos de multim\u00eddia \u201cdata show\u201d, e rede \u201cwireless\u201d com acesso \u00e0 internet.<\/p>\n<p>Convidamos a todos para que venham conhecer nossas instala\u00e7\u00f5es e conversar com um de nossos colaboradores.<\/p>\n<p>[\/vc_column_text][\/vc_column][\/vc_row][vc_row el_class=&#8221;p-b-lg&#8221;][vc_column][vc_separator][vc_custom_heading text=&#8221;Nossas <strong> Filosofias<\/strong>&#8221; font_container=&#8221;tag:h4|text_align:left&#8221; use_theme_fonts=&#8221;yes&#8221; el_class=&#8221;m-b-none&#8221;][\/vc_column][\/vc_row][vc_row][vc_column width=&#8221;1\/3&#8243;][vc_icon icon_fontawesome=&#8221;fa fa-check&#8221; color=&#8221;sky&#8221; align=&#8221;center&#8221;][vc_column_text]<\/p>\n<p style=\"text-align: center;\">A OMNI Escola de Avia\u00e7\u00e3o visa preparar profissionais com elevado grau de conhecimento e compet\u00eancia t\u00e9cnica para o mercado da avia\u00e7\u00e3o cada vez mais exigente.<\/p>\n<p>[\/vc_column_text][\/vc_column][vc_column width=&#8221;1\/3&#8243;][vc_icon icon_fontawesome=&#8221;fa fa-check&#8221; color=&#8221;sky&#8221; align=&#8221;center&#8221;][vc_column_text]<\/p>\n<p style=\"text-align: center;\">Temos a miss\u00e3o de formar pilotos com princ\u00edpios \u00e9ticos e valores morais, compromissados com a disciplina e a seguran\u00e7a de voo.<\/p>\n<p>[\/vc_column_text][\/vc_column][vc_column width=&#8221;1\/3&#8243;][vc_icon icon_fontawesome=&#8221;fa fa-check&#8221; color=&#8221;sky&#8221; align=&#8221;center&#8221;][vc_column_text]<\/p>\n<p style=\"text-align: center;\">Queremos ser uma escola reconhecida por todos pela qualidade dos profissionais formados em nossa institui\u00e7\u00e3o, pela seriedade e respeito \u00e0s pessoas e o meio ambiente.<\/p>\n<p>[\/vc_column_text][\/vc_column][\/vc_row][vc_row full_width=&#8221;stretch_row&#8221; parallax=&#8221;content-moving&#8221; parallax_image=&#8221;41&#8243; parallax_speed_bg=&#8221;3&#8243; remove_padding_top=&#8221;yes&#8221; el_class=&#8221;p-t-xxl p-b-lg&#8221;][vc_column][vc_separator][vc_custom_heading text=&#8221;Equipe de <strong>Coordena\u00e7\u00e3o<\/strong>&#8221; font_container=&#8221;tag:h4|text_align:left&#8221; use_theme_fonts=&#8221;yes&#8221; el_class=&#8221;m-b-none&#8221;][vc_empty_space][vc_empty_space]<div class=\"porto-recent-members wpb_content_element \">\n\n\n\n\n    \n\n\n\n\n    \n\n\n\n\n    <div class=\"row\">\n\n\n        <div class=\"member-carousel porto-carousel owl-carousel\" data-plugin-options=\"{&quot;themeConfig&quot;:true,&quot;lg&quot;:4,&quot;md&quot;:4,&quot;sm&quot;:2}\">\n\n\n            <div class=\"member-slide\">        \r\n        \r\n        <div class=\"member-item \">\r\n            <span class=\"thumb-info thumb-info-hide-wrapper-bg\">\r\n                \r\n                    <span class=\"thumb-info-wrapper \">\r\n                    \t<span class=\"thumb-member-container\">\r\n                    \t<a class=\"text-decoration-none member-image\" href=\"http:\/\/www.omniescoladeaviacao.com.br\/index.php\/member\/rentado-cesar-de-souza\/\">\r\n                        <img loading=\"lazy\" decoding=\"async\" class=\"img-responsive\" width=\"367\" height=\"367\" src=\"http:\/\/www.omniescoladeaviacao.com.br\/wp-content\/uploads\/2019\/10\/8dicas8-367x367.jpg\" alt=\"\" \/>\r\n                         <\/a>\r\n\t\t\t\t\t\t                                                                                    <\/span>\r\n                       <a class=\"text-decoration-none member-info-container\" href=\"http:\/\/www.omniescoladeaviacao.com.br\/index.php\/member\/rentado-cesar-de-souza\/\">       \r\n                                                    <span class=\"thumb-info-title\">\r\n                                <span class=\"thumb-info-inner\">Renato Cesar de Souza<\/span>\r\n                                                                    <span class=\"thumb-info-type\">Gerente de Qualidade da Escola<\/span>\r\n                                                            <\/span>\r\n                                                                    <span class=\"zoom\" data-src=\"http:\/\/www.omniescoladeaviacao.com.br\/wp-content\/uploads\/2019\/10\/8dicas8.jpg\" data-title=\"\"><i class=\"fa fa-search\"><\/i><\/span>\r\n                                        <\/a>\r\n                    <\/span> <!--Thumb info wrapper end-->\r\n                    <a class=\"text-decoration-none member-info-container\" href=\"http:\/\/www.omniescoladeaviacao.com.br\/index.php\/member\/rentado-cesar-de-souza\/\">\r\n                                                <\/a><!-- Global link end -->\r\n           \r\n           \r\n           \r\n                        <span class=\"thumb-info-caption\">\r\n                                    <span class=\"thumb-info-caption-text\">\r\n                                        <\/span>\r\n                                                    \r\n                \r\n            <\/span>\r\n                        <\/span>\r\n        <\/div>\r\n    <\/div><div class=\"member-slide\">        \r\n        \r\n        <div class=\"member-item \">\r\n            <span class=\"thumb-info thumb-info-hide-wrapper-bg\">\r\n                \r\n                    <span class=\"thumb-info-wrapper \">\r\n                    \t<span class=\"thumb-member-container\">\r\n                    \t<a class=\"text-decoration-none member-image\" href=\"http:\/\/www.omniescoladeaviacao.com.br\/index.php\/member\/carmen-de-matos-peixoto-rogerio\/\">\r\n                        <img loading=\"lazy\" decoding=\"async\" class=\"img-responsive\" width=\"367\" height=\"367\" src=\"http:\/\/www.omniescoladeaviacao.com.br\/wp-content\/uploads\/2019\/10\/8dicas8-367x367.jpg\" alt=\"\" \/>\r\n                         <\/a>\r\n\t\t\t\t\t\t                                                                                    <\/span>\r\n                       <a class=\"text-decoration-none member-info-container\" href=\"http:\/\/www.omniescoladeaviacao.com.br\/index.php\/member\/carmen-de-matos-peixoto-rogerio\/\">       \r\n                                                    <span class=\"thumb-info-title\">\r\n                                <span class=\"thumb-info-inner\">Marco Vinicio Nicolau<\/span>\r\n                                                                    <span class=\"thumb-info-type\">Coordenador de Cursos Te\u00f3ricos e Pr\u00e1tico<\/span>\r\n                                                            <\/span>\r\n                                                                    <span class=\"zoom\" data-src=\"http:\/\/www.omniescoladeaviacao.com.br\/wp-content\/uploads\/2019\/10\/8dicas8.jpg\" data-title=\"\"><i class=\"fa fa-search\"><\/i><\/span>\r\n                                        <\/a>\r\n                    <\/span> <!--Thumb info wrapper end-->\r\n                    <a class=\"text-decoration-none member-info-container\" href=\"http:\/\/www.omniescoladeaviacao.com.br\/index.php\/member\/carmen-de-matos-peixoto-rogerio\/\">\r\n                                                <\/a><!-- Global link end -->\r\n           \r\n           \r\n           \r\n                        <span class=\"thumb-info-caption\">\r\n                                    <span class=\"thumb-info-caption-text\">\r\n                                        <\/span>\r\n                                                    \r\n                \r\n            <\/span>\r\n                        <\/span>\r\n        <\/div>\r\n    <\/div><div class=\"member-slide\">        \r\n        \r\n        <div class=\"member-item \">\r\n            <span class=\"thumb-info thumb-info-hide-wrapper-bg\">\r\n                \r\n                    <span class=\"thumb-info-wrapper \">\r\n                    \t<span class=\"thumb-member-container\">\r\n                    \t<a class=\"text-decoration-none member-image\" href=\"http:\/\/www.omniescoladeaviacao.com.br\/index.php\/member\/cmte-ricardo-pinheiro\/\">\r\n                        <img loading=\"lazy\" decoding=\"async\" class=\"img-responsive\" width=\"367\" height=\"367\" src=\"http:\/\/www.omniescoladeaviacao.com.br\/wp-content\/uploads\/2019\/10\/8dicas8-367x367.jpg\" alt=\"\" \/>\r\n                         <\/a>\r\n\t\t\t\t\t\t                                                                                    <\/span>\r\n                       <a class=\"text-decoration-none member-info-container\" href=\"http:\/\/www.omniescoladeaviacao.com.br\/index.php\/member\/cmte-ricardo-pinheiro\/\">       \r\n                                                    <span class=\"thumb-info-title\">\r\n                                <span class=\"thumb-info-inner\">Cmte. Ricardo Silva Pinheiro de Souza<\/span>\r\n                                                                    <span class=\"thumb-info-type\">Coordenador Geral<\/span>\r\n                                                            <\/span>\r\n                                                                    <span class=\"zoom\" data-src=\"http:\/\/www.omniescoladeaviacao.com.br\/wp-content\/uploads\/2019\/10\/8dicas8.jpg\" data-title=\"\"><i class=\"fa fa-search\"><\/i><\/span>\r\n                                        <\/a>\r\n                    <\/span> <!--Thumb info wrapper end-->\r\n                    <a class=\"text-decoration-none member-info-container\" href=\"http:\/\/www.omniescoladeaviacao.com.br\/index.php\/member\/cmte-ricardo-pinheiro\/\">\r\n                                                <\/a><!-- Global link end -->\r\n           \r\n           \r\n           \r\n                        <span class=\"thumb-info-caption\">\r\n                                    <span class=\"thumb-info-caption-text\">\r\n                                        <\/span>\r\n                                                    \r\n                \r\n            <\/span>\r\n                        <\/span>\r\n        <\/div>\r\n    <\/div><div class=\"member-slide\">        \r\n        \r\n        <div class=\"member-item \">\r\n            <span class=\"thumb-info thumb-info-hide-wrapper-bg\">\r\n                \r\n                    <span class=\"thumb-info-wrapper \">\r\n                    \t<span class=\"thumb-member-container\">\r\n                    \t<a class=\"text-decoration-none member-image\" href=\"http:\/\/www.omniescoladeaviacao.com.br\/index.php\/member\/roberto-marcio-coimbra\/\">\r\n                        <img loading=\"lazy\" decoding=\"async\" class=\"img-responsive\" width=\"367\" height=\"367\" src=\"http:\/\/www.omniescoladeaviacao.com.br\/wp-content\/uploads\/2019\/10\/8dicas8-367x367.jpg\" alt=\"\" \/>\r\n                         <\/a>\r\n\t\t\t\t\t\t                                                                                    <\/span>\r\n                       <a class=\"text-decoration-none member-info-container\" href=\"http:\/\/www.omniescoladeaviacao.com.br\/index.php\/member\/roberto-marcio-coimbra\/\">       \r\n                                                    <span class=\"thumb-info-title\">\r\n                                <span class=\"thumb-info-inner\">Roberto M\u00e1rcio Coimbra<\/span>\r\n                                                                    <span class=\"thumb-info-type\">Gestor Respons\u00e1vel<\/span>\r\n                                                            <\/span>\r\n                                                                    <span class=\"zoom\" data-src=\"http:\/\/www.omniescoladeaviacao.com.br\/wp-content\/uploads\/2019\/10\/8dicas8.jpg\" data-title=\"\"><i class=\"fa fa-search\"><\/i><\/span>\r\n                                        <\/a>\r\n                    <\/span> <!--Thumb info wrapper end-->\r\n                    <a class=\"text-decoration-none member-info-container\" href=\"http:\/\/www.omniescoladeaviacao.com.br\/index.php\/member\/roberto-marcio-coimbra\/\">\r\n                                                <\/a><!-- Global link end -->\r\n           \r\n           \r\n           \r\n                        <span class=\"thumb-info-caption\">\r\n                                    <span class=\"thumb-info-caption-text\">\r\n                                        <\/span>\r\n                                                    \r\n                \r\n            <\/span>\r\n                        <\/span>\r\n        <\/div>\r\n    <\/div><div class=\"member-slide\">        \r\n        \r\n        <div class=\"member-item \">\r\n            <span class=\"thumb-info thumb-info-hide-wrapper-bg\">\r\n                \r\n                    <span class=\"thumb-info-wrapper \">\r\n                    \t<span class=\"thumb-member-container\">\r\n                    \t<a class=\"text-decoration-none member-image\" href=\"http:\/\/www.omniescoladeaviacao.com.br\/index.php\/member\/thiago-barros\/\">\r\n                        <img loading=\"lazy\" decoding=\"async\" class=\"img-responsive\" width=\"367\" height=\"367\" src=\"http:\/\/www.omniescoladeaviacao.com.br\/wp-content\/uploads\/2019\/10\/8dicas8-367x367.jpg\" alt=\"\" \/>\r\n                         <\/a>\r\n\t\t\t\t\t\t                                                                                    <\/span>\r\n                       <a class=\"text-decoration-none member-info-container\" href=\"http:\/\/www.omniescoladeaviacao.com.br\/index.php\/member\/thiago-barros\/\">       \r\n                                                    <span class=\"thumb-info-title\">\r\n                                <span class=\"thumb-info-inner\">Thiago Andrade Nascimento Barros<\/span>\r\n                                                                    <span class=\"thumb-info-type\">Gestor de Seg. Operacional<\/span>\r\n                                                            <\/span>\r\n                                                                    <span class=\"zoom\" data-src=\"http:\/\/www.omniescoladeaviacao.com.br\/wp-content\/uploads\/2019\/10\/8dicas8.jpg\" data-title=\"\"><i class=\"fa fa-search\"><\/i><\/span>\r\n                                        <\/a>\r\n                    <\/span> <!--Thumb info wrapper end-->\r\n                    <a class=\"text-decoration-none member-info-container\" href=\"http:\/\/www.omniescoladeaviacao.com.br\/index.php\/member\/thiago-barros\/\">\r\n                                                <\/a><!-- Global link end -->\r\n           \r\n           \r\n           \r\n                        <span class=\"thumb-info-caption\">\r\n                                    <span class=\"thumb-info-caption-text\">\r\n                                        <\/span>\r\n                                                    \r\n                \r\n            <\/span>\r\n                        <\/span>\r\n        <\/div>\r\n    <\/div>\n\n        <\/div>\n\n\n    <\/div>\n\n\n\n\n\n    \n\n\n\n\n    <\/div>[vc_separator][\/vc_column][\/vc_row][vc_row el_id=&#8221;sobre\/#estrutura&#8221;][vc_column][vc_custom_heading text=&#8221;Nossa <strong>Estrutura<\/strong>&#8221; font_container=&#8221;tag:h4|text_align:left&#8221; use_theme_fonts=&#8221;yes&#8221; el_class=&#8221;m-b-none&#8221;][vc_empty_space][vc_gallery type=&#8221;nivo&#8221; interval=&#8221;3&#8243; images=&#8221;1482,1481,1480,1479,1478,1477,1476,1475,1474,1473,1472,1471,1470&#8243; img_size=&#8221;full&#8221; css=&#8221;.vc_custom_1572367030437{border-top-width: 100px !important;border-right-width: 100px !important;border-bottom-width: 100px !important;border-left-width: 100px !important;}&#8221;][\/vc_column][\/vc_row]<\/p>\n","protected":false},"excerpt":{"rendered":"<p>[vc_row el_class=&#8221;p-b-lg&#8221;][vc_column][vc_column_text]A OMNI Escola de Avia\u00e7\u00e3o Civil foi criada em junho de 2010 e tem suas ra\u00edzes na OMNI Aviation Training Center, em Portugal, certificado como Flying Training Organization (FTO) e como Type Rating Training Organization (TRTO), e obedece aos mais exigentes padr\u00f5es internacionais. Seguindo os mesmo passos da organiza\u00e7\u00e3o europeia, nossa miss\u00e3o \u00e9 promover [&hellip;]<\/p>\n","protected":false},"author":1,"featured_media":0,"parent":0,"menu_order":0,"comment_status":"closed","ping_status":"closed","template":"","meta":{"_joinchat":[],"footnotes":""},"_links":{"self":[{"href":"http:\/\/www.omniescoladeaviacao.com.br\/index.php\/wp-json\/wp\/v2\/pages\/60"}],"collection":[{"href":"http:\/\/www.omniescoladeaviacao.com.br\/index.php\/wp-json\/wp\/v2\/pages"}],"about":[{"href":"http:\/\/www.omniescoladeaviacao.com.br\/index.php\/wp-json\/wp\/v2\/types\/page"}],"author":[{"embeddable":true,"href":"http:\/\/www.omniescoladeaviacao.com.br\/index.php\/wp-json\/wp\/v2\/users\/1"}],"replies":[{"embeddable":true,"href":"http:\/\/www.omniescoladeaviacao.com.br\/index.php\/wp-json\/wp\/v2\/comments?post=60"}],"version-history":[{"count":43,"href":"http:\/\/www.omniescoladeaviacao.com.br\/index.php\/wp-json\/wp\/v2\/pages\/60\/revisions"}],"predecessor-version":[{"id":1907,"href":"http:\/\/www.omniescoladeaviacao.com.br\/index.php\/wp-json\/wp\/v2\/pages\/60\/revisions\/1907"}],"wp:attachment":[{"href":"http:\/\/www.omniescoladeaviacao.com.br\/index.php\/wp-json\/wp\/v2\/media?parent=60"}],"curies":[{"name":"wp","href":"https:\/\/api.w.org\/{rel}","templated":true}]}}